{"id":60,"date":"2016-11-14T20:52:56","date_gmt":"2016-11-14T19:52:56","guid":{"rendered":"https:\/\/www.gruppe-unterberger.com\/cookies\/?lang=it"},"modified":"2017-01-13T11:59:53","modified_gmt":"2017-01-13T10:59:53","slug":"cookies","status":"publish","type":"page","link":"https:\/\/www.gruppe-unterberger.com\/it\/cookies\/","title":{"rendered":"Cookies"},"content":{"rendered":"    <p>Il presente sito internet impiega i cosiddetti \u201ccookies\u201d, ovvero piccoli file testuali che il server di un sito memorizza temporaneamente o in via definitiva sul browser, sul vostro computer o su un altro dispositivo, finalizzati alla semplificazione, integrazione o personalizzazione dell\u2019utilizzo delle pagine web.<\/p>\n    <p>Accendendo al presente sito internet, vi dichiarate d\u2019accordo al trattamento dei vostri dati personali da parte di Google.<\/p>\n    <p>Avete la possibilit\u00e0 di disattivare il salvataggio dei cookies attraverso il vostro browser o di cancellare i cookies gi\u00e0 memorizzati, tenendo presente che ci\u00f2 potrebbe comportare una limitazione delle funzionalit\u00e0, un rallentamento o l\u2019inutilizzabilit\u00e0 di alcune parti del sito internet.<\/p>\n    <p>Per ulteriori informazioni sui cookies e sulle modalit\u00e0 di cancellazione, in base al tipo di browser impiegato, www.gruppe-unterberger.com vi rimanda al seguente link:&nbsp;<a href=\"http:\/\/support.google.com\/accounts\/answer\/32050\" target=\"_blank\">http:\/\/support.google.com\/accounts\/answer\/32050<\/a><\/p>\n    <p>www.gruppe-unterberger.com impiega i seguenti cookies.<\/p>\n    <p>1. Cookies assolutamente necessari, grazie a cui il visitatore ha la possibilit\u00e0 di visualizzare la pagina web, utilizzare le funzioni del sito o ottenere l\u2019accesso ad aree di sicurezza o registrate. In caso di disattivazione di tali cookies, determinate parti del sito non potranno pi\u00f9 essere impiegate correttamente.<\/p>\n    <p>2. Cookies funzionali, con cui www.gruppe-unterberger.com pu\u00f2 memorizzare le scelte e le preferenze degli utenti, per incrementare la facilit\u00e0 d\u2019uso del sito.<\/p>\n    <p>3.Cookies per l\u2019analisi dell\u2019impiego, che raccolgono informazioni sull\u2019accesso al presente sito internet (compreso l\u2019indirizzo IP). Tali informazioni non hanno carattere personale e sono trasmesse a un server di Google negli USA, dove vengono memorizzate. Google utilizzer\u00e0 tali dati per la valutazione dell\u2019utilizzo del sito internet, la stesura di report sulle attivit\u00e0 del sito a beneficio dei gestori e per altri servizi collegati agli accessi alla pagina e all\u2019impiego d\u2019internet in generale.<\/p>\n    <p>Google trasmetter\u00e0 tali informazioni a terzi, qualora ci\u00f2 sia previsto dalla legge ovvero se tali soggetti si occuperanno del trattamento dei dati per conto di Google. In nessun caso, l\u2019indirizzo IP sar\u00e0 messo in collegamento con altri dati di Google.<\/p>\n    <p>4. Google Remarketing Cookies, finalizzati alla visualizzazione d\u2019inserzioni pubblicitarie personalizzate sulla rete di Google Advertising. La pubblicazione di tali inserzioni avverr\u00e0 sulla base delle precedenti visite al sito internet.&nbsp;<\/p>\n\n","protected":false},"excerpt":{"rendered":"","protected":false},"author":1,"featured_media":0,"parent":0,"menu_order":0,"comment_status":"closed","ping_status":"closed","template":"","meta":{"_acf_changed":false,"footnotes":""},"acf":[],"yoast_head":"<!-- This site is optimized with the Yoast SEO plugin v22.5 - https:\/\/yoast.com\/wordpress\/plugins\/seo\/ -->\n<title>Cookies - Gruppe Unterberger<\/title>\n<meta name=\"robots\" content=\"index, follow, max-snippet:-1, max-image-preview:large, max-video-preview:-1\" \/>\n<link rel=\"canonical\" href=\"https:\/\/www.gruppe-unterberger.com\/de\/cookies\/\" \/>\n<meta property=\"og:locale\" content=\"it_IT\" \/>\n<meta property=\"og:type\" content=\"article\" \/>\n<meta property=\"og:title\" content=\"Cookies - Gruppe Unterberger\" \/>\n<meta property=\"og:url\" content=\"https:\/\/www.gruppe-unterberger.com\/de\/cookies\/\" \/>\n<meta property=\"og:site_name\" content=\"Gruppe Unterberger\" \/>\n<meta property=\"article:modified_time\" content=\"2017-01-13T10:59:53+00:00\" \/>\n<meta name=\"twitter:card\" content=\"summary_large_image\" \/>\n<script type=\"application\/ld+json\" class=\"yoast-schema-graph\">{\"@context\":\"https:\/\/schema.org\",\"@graph\":[{\"@type\":\"WebPage\",\"@id\":\"https:\/\/www.gruppe-unterberger.com\/de\/cookies\/\",\"url\":\"https:\/\/www.gruppe-unterberger.com\/de\/cookies\/\",\"name\":\"Cookies - Gruppe Unterberger\",\"isPartOf\":{\"@id\":\"https:\/\/www.gruppe-unterberger.com\/de\/#website\"},\"datePublished\":\"2016-11-14T19:52:56+00:00\",\"dateModified\":\"2017-01-13T10:59:53+00:00\",\"breadcrumb\":{\"@id\":\"https:\/\/www.gruppe-unterberger.com\/de\/cookies\/#breadcrumb\"},\"inLanguage\":\"it-IT\",\"potentialAction\":[{\"@type\":\"ReadAction\",\"target\":[\"https:\/\/www.gruppe-unterberger.com\/de\/cookies\/\"]}]},{\"@type\":\"BreadcrumbList\",\"@id\":\"https:\/\/www.gruppe-unterberger.com\/de\/cookies\/#breadcrumb\",\"itemListElement\":[{\"@type\":\"ListItem\",\"position\":1,\"name\":\"Home\",\"item\":\"https:\/\/www.gruppe-unterberger.com\/it\/\"},{\"@type\":\"ListItem\",\"position\":2,\"name\":\"Cookies\"}]},{\"@type\":\"WebSite\",\"@id\":\"https:\/\/www.gruppe-unterberger.com\/de\/#website\",\"url\":\"https:\/\/www.gruppe-unterberger.com\/de\/\",\"name\":\"Gruppe Unterberger\",\"description\":\"St\u00e4dtebauliche Planung, Projektsteuerung, Projektentwicklung, Planung Tiefbau und Planung Hochbau\",\"potentialAction\":[{\"@type\":\"SearchAction\",\"target\":{\"@type\":\"EntryPoint\",\"urlTemplate\":\"https:\/\/www.gruppe-unterberger.com\/de\/?s={search_term_string}\"},\"query-input\":\"required name=search_term_string\"}],\"inLanguage\":\"it-IT\"}]}<\/script>\n<!-- \/ Yoast SEO plugin. -->","yoast_head_json":{"title":"Cookies - Gruppe Unterberger","robots":{"index":"index","follow":"follow","max-snippet":"max-snippet:-1","max-image-preview":"max-image-preview:large","max-video-preview":"max-video-preview:-1"},"canonical":"https:\/\/www.gruppe-unterberger.com\/de\/cookies\/","og_locale":"it_IT","og_type":"article","og_title":"Cookies - Gruppe Unterberger","og_url":"https:\/\/www.gruppe-unterberger.com\/de\/cookies\/","og_site_name":"Gruppe Unterberger","article_modified_time":"2017-01-13T10:59:53+00:00","twitter_card":"summary_large_image","schema":{"@context":"https:\/\/schema.org","@graph":[{"@type":"WebPage","@id":"https:\/\/www.gruppe-unterberger.com\/de\/cookies\/","url":"https:\/\/www.gruppe-unterberger.com\/de\/cookies\/","name":"Cookies - Gruppe Unterberger","isPartOf":{"@id":"https:\/\/www.gruppe-unterberger.com\/de\/#website"},"datePublished":"2016-11-14T19:52:56+00:00","dateModified":"2017-01-13T10:59:53+00:00","breadcrumb":{"@id":"https:\/\/www.gruppe-unterberger.com\/de\/cookies\/#breadcrumb"},"inLanguage":"it-IT","potentialAction":[{"@type":"ReadAction","target":["https:\/\/www.gruppe-unterberger.com\/de\/cookies\/"]}]},{"@type":"BreadcrumbList","@id":"https:\/\/www.gruppe-unterberger.com\/de\/cookies\/#breadcrumb","itemListElement":[{"@type":"ListItem","position":1,"name":"Home","item":"https:\/\/www.gruppe-unterberger.com\/it\/"},{"@type":"ListItem","position":2,"name":"Cookies"}]},{"@type":"WebSite","@id":"https:\/\/www.gruppe-unterberger.com\/de\/#website","url":"https:\/\/www.gruppe-unterberger.com\/de\/","name":"Gruppe Unterberger","description":"St\u00e4dtebauliche Planung, Projektsteuerung, Projektentwicklung, Planung Tiefbau und Planung Hochbau","potentialAction":[{"@type":"SearchAction","target":{"@type":"EntryPoint","urlTemplate":"https:\/\/www.gruppe-unterberger.com\/de\/?s={search_term_string}"},"query-input":"required name=search_term_string"}],"inLanguage":"it-IT"}]}},"_links":{"self":[{"href":"https:\/\/www.gruppe-unterberger.com\/it\/wp-json\/wp\/v2\/pages\/60"}],"collection":[{"href":"https:\/\/www.gruppe-unterberger.com\/it\/wp-json\/wp\/v2\/pages"}],"about":[{"href":"https:\/\/www.gruppe-unterberger.com\/it\/wp-json\/wp\/v2\/types\/page"}],"author":[{"embeddable":true,"href":"https:\/\/www.gruppe-unterberger.com\/it\/wp-json\/wp\/v2\/users\/1"}],"replies":[{"embeddable":true,"href":"https:\/\/www.gruppe-unterberger.com\/it\/wp-json\/wp\/v2\/comments?post=60"}],"version-history":[{"count":1,"href":"https:\/\/www.gruppe-unterberger.com\/it\/wp-json\/wp\/v2\/pages\/60\/revisions"}],"predecessor-version":[{"id":216,"href":"https:\/\/www.gruppe-unterberger.com\/it\/wp-json\/wp\/v2\/pages\/60\/revisions\/216"}],"wp:attachment":[{"href":"https:\/\/www.gruppe-unterberger.com\/it\/wp-json\/wp\/v2\/media?parent=60"}],"curies":[{"name":"wp","href":"https:\/\/api.w.org\/{rel}","templated":true}]}}